{"id":38,"date":"2023-08-14T11:57:25","date_gmt":"2023-08-14T11:57:25","guid":{"rendered":"https:\/\/henn-nickel-marker.de\/?page_id=38"},"modified":"2023-08-21T13:45:43","modified_gmt":"2023-08-21T13:45:43","slug":"kinderfahrgeschaefte","status":"publish","type":"page","link":"https:\/\/henn-nickel-marker.de\/?page_id=38","title":{"rendered":"Kinderfahrgesch\u00e4fte"},"content":{"rendered":"\t\t<div data-elementor-type=\"wp-page\" data-elementor-id=\"38\" class=\"elementor elementor-38\">\n\t\t\t\t\t\t<section class=\"elementor-section elementor-top-section elementor-element elementor-element-7747af4a elementor-section-full_width elementor-section-height-default elementor-section-height-default\" data-id=\"7747af4a\" data-element_type=\"section\" data-e-type=\"section\" data-settings=\"{&quot;background_background&quot;:&quot;classic&quot;}\">\n\t\t\t\t\t\t<div class=\"elementor-container elementor-column-gap-default\">\n\t\t\t\t\t<div class=\"elementor-column elementor-col-100 elementor-top-column elementor-element elementor-element-d14b13a\" data-id=\"d14b13a\" data-element_type=\"column\" data-e-type=\"column\">\n\t\t\t<div class=\"elementor-widget-wrap elementor-element-populated\">\n\t\t\t\t\t\t<div class=\"elementor-element elementor-element-4d5d3d71 elementor-widget elementor-widget-heading\" data-id=\"4d5d3d71\" data-element_type=\"widget\" data-e-type=\"widget\" data-widget_type=\"heading.default\">\n\t\t\t\t<div class=\"elementor-widget-container\">\n\t\t\t\t\t<h2 class=\"elementor-heading-title elementor-size-default\">Kinderfahrgesch\u00e4fte<\/h2>\t\t\t\t<\/div>\n\t\t\t\t<\/div>\n\t\t\t\t<div class=\"elementor-element elementor-element-5f958d8a elementor-widget-divider--view-line_icon elementor-view-default elementor-widget-divider--element-align-center elementor-invisible elementor-widget elementor-widget-divider\" data-id=\"5f958d8a\" data-element_type=\"widget\" data-e-type=\"widget\" data-settings=\"{&quot;_animation&quot;:&quot;fadeInLeft&quot;}\" data-widget_type=\"divider.default\">\n\t\t\t\t<div class=\"elementor-widget-container\">\n\t\t\t\t\t\t\t<div class=\"elementor-divider\">\n\t\t\t<span class=\"elementor-divider-separator\">\n\t\t\t\t\t\t\t<div class=\"elementor-icon elementor-divider__element\">\n\t\t\t\t\t<i aria-hidden=\"true\" class=\"fas fa-child\"><\/i><\/div>\n\t\t\t\t\t\t<\/span>\n\t\t<\/div>\n\t\t\t\t\t\t<\/div>\n\t\t\t\t<\/div>\n\t\t\t\t<section class=\"elementor-section elementor-inner-section elementor-element elementor-element-3bfc0f2 elementor-section-full_width elementor-section-height-default elementor-section-height-default\" data-id=\"3bfc0f2\" data-element_type=\"section\" data-e-type=\"section\">\n\t\t\t\t\t\t<div class=\"elementor-container elementor-column-gap-default\">\n\t\t\t\t\t<div class=\"elementor-column elementor-col-25 elementor-inner-column elementor-element elementor-element-5deb044\" data-id=\"5deb044\" data-element_type=\"column\" data-e-type=\"column\">\n\t\t\t<div class=\"elementor-widget-wrap elementor-element-populated\">\n\t\t\t\t\t\t<div class=\"elementor-element elementor-element-b28cf33 elementor-widget__width-initial elementor-widget elementor-widget-image\" data-id=\"b28cf33\" data-element_type=\"widget\" data-e-type=\"widget\" data-widget_type=\"image.default\">\n\t\t\t\t<div class=\"elementor-widget-container\">\n\t\t\t\t\t\t\t\t\t\t\t\t<figure class=\"wp-caption\">\n\t\t\t\t\t\t\t\t\t\t\t<a href=\"https:\/\/henn-nickel-marker.de\/?page_id=62\">\n\t\t\t\t\t\t\t<img fetchpriority=\"high\" decoding=\"async\" width=\"800\" height=\"354\" src=\"https:\/\/henn-nickel-marker.de\/wp-content\/uploads\/2023\/08\/a1-in-1.jpg\" class=\"attachment-large size-large wp-image-361\" alt=\"\" srcset=\"https:\/\/henn-nickel-marker.de\/wp-content\/uploads\/2023\/08\/a1-in-1.jpg 900w, https:\/\/henn-nickel-marker.de\/wp-content\/uploads\/2023\/08\/a1-in-1-300x133.jpg 300w, https:\/\/henn-nickel-marker.de\/wp-content\/uploads\/2023\/08\/a1-in-1-768x340.jpg 768w\" sizes=\"(max-width: 800px) 100vw, 800px\" \/>\t\t\t\t\t\t\t\t<\/a>\n\t\t\t\t\t\t\t\t\t\t\t<figcaption class=\"widget-image-caption wp-caption-text\">Traumstra\u00dfe A1<\/figcaption>\n\t\t\t\t\t\t\t\t\t\t<\/figure>\n\t\t\t\t\t\t\t\t\t<\/div>\n\t\t\t\t<\/div>\n\t\t\t\t\t<\/div>\n\t\t<\/div>\n\t\t\t\t<div class=\"elementor-column elementor-col-25 elementor-inner-column elementor-element elementor-element-db8a057\" data-id=\"db8a057\" data-element_type=\"column\" data-e-type=\"column\">\n\t\t\t<div class=\"elementor-widget-wrap elementor-element-populated\">\n\t\t\t\t\t\t<div class=\"elementor-element elementor-element-ac7f819 elementor-widget elementor-widget-image\" data-id=\"ac7f819\" data-element_type=\"widget\" data-e-type=\"widget\" data-widget_type=\"image.default\">\n\t\t\t\t<div class=\"elementor-widget-container\">\n\t\t\t\t\t\t\t\t\t\t\t\t<figure class=\"wp-caption\">\n\t\t\t\t\t\t\t\t\t\t\t<a href=\"https:\/\/henn-nickel-marker.de\/?page_id=50\">\n\t\t\t\t\t\t\t<img decoding=\"async\" width=\"800\" height=\"468\" src=\"https:\/\/henn-nickel-marker.de\/wp-content\/uploads\/2023\/08\/80tg003-1.jpg\" class=\"attachment-large size-large wp-image-368\" alt=\"\" srcset=\"https:\/\/henn-nickel-marker.de\/wp-content\/uploads\/2023\/08\/80tg003-1.jpg 800w, https:\/\/henn-nickel-marker.de\/wp-content\/uploads\/2023\/08\/80tg003-1-300x176.jpg 300w, https:\/\/henn-nickel-marker.de\/wp-content\/uploads\/2023\/08\/80tg003-1-768x449.jpg 768w\" sizes=\"(max-width: 800px) 100vw, 800px\" \/>\t\t\t\t\t\t\t\t<\/a>\n\t\t\t\t\t\t\t\t\t\t\t<figcaption class=\"widget-image-caption wp-caption-text\">In 80 Tagen um die Welt<\/figcaption>\n\t\t\t\t\t\t\t\t\t\t<\/figure>\n\t\t\t\t\t\t\t\t\t<\/div>\n\t\t\t\t<\/div>\n\t\t\t\t\t<\/div>\n\t\t<\/div>\n\t\t\t\t<div class=\"elementor-column elementor-col-25 elementor-inner-column elementor-element elementor-element-5e947b1\" data-id=\"5e947b1\" data-element_type=\"column\" data-e-type=\"column\">\n\t\t\t<div class=\"elementor-widget-wrap elementor-element-populated\">\n\t\t\t\t\t\t<div class=\"elementor-element elementor-element-834b621 elementor-widget elementor-widget-image\" data-id=\"834b621\" data-element_type=\"widget\" data-e-type=\"widget\" data-widget_type=\"image.default\">\n\t\t\t\t<div class=\"elementor-widget-container\">\n\t\t\t\t\t\t\t\t\t\t\t\t<figure class=\"wp-caption\">\n\t\t\t\t\t\t\t\t\t\t\t<a href=\"https:\/\/henn-nickel-marker.de\/?page_id=58\">\n\t\t\t\t\t\t\t<img decoding=\"async\" width=\"800\" height=\"533\" src=\"https:\/\/henn-nickel-marker.de\/wp-content\/uploads\/2023\/08\/flieger-tag-low.jpg\" class=\"attachment-large size-large wp-image-362\" alt=\"\" srcset=\"https:\/\/henn-nickel-marker.de\/wp-content\/uploads\/2023\/08\/flieger-tag-low.jpg 900w, https:\/\/henn-nickel-marker.de\/wp-content\/uploads\/2023\/08\/flieger-tag-low-300x200.jpg 300w, https:\/\/henn-nickel-marker.de\/wp-content\/uploads\/2023\/08\/flieger-tag-low-768x512.jpg 768w\" sizes=\"(max-width: 800px) 100vw, 800px\" \/>\t\t\t\t\t\t\t\t<\/a>\n\t\t\t\t\t\t\t\t\t\t\t<figcaption class=\"widget-image-caption wp-caption-text\">Mini-Jet<\/figcaption>\n\t\t\t\t\t\t\t\t\t\t<\/figure>\n\t\t\t\t\t\t\t\t\t<\/div>\n\t\t\t\t<\/div>\n\t\t\t\t\t<\/div>\n\t\t<\/div>\n\t\t\t\t<div class=\"elementor-column elementor-col-25 elementor-inner-column elementor-element elementor-element-20aecb7\" data-id=\"20aecb7\" data-element_type=\"column\" data-e-type=\"column\">\n\t\t\t<div class=\"elementor-widget-wrap elementor-element-populated\">\n\t\t\t\t\t\t<div class=\"elementor-element elementor-element-1e6c62f elementor-widget elementor-widget-image\" data-id=\"1e6c62f\" data-element_type=\"widget\" data-e-type=\"widget\" data-widget_type=\"image.default\">\n\t\t\t\t<div class=\"elementor-widget-container\">\n\t\t\t\t\t\t\t\t\t\t\t\t<figure class=\"wp-caption\">\n\t\t\t\t\t\t\t\t\t\t\t<a href=\"https:\/\/henn-nickel-marker.de\/?page_id=52\">\n\t\t\t\t\t\t\t<img loading=\"lazy\" decoding=\"async\" width=\"800\" height=\"533\" src=\"https:\/\/henn-nickel-marker.de\/wp-content\/uploads\/2023\/08\/kika-now.jpg\" class=\"attachment-large size-large wp-image-364\" alt=\"\" srcset=\"https:\/\/henn-nickel-marker.de\/wp-content\/uploads\/2023\/08\/kika-now.jpg 900w, https:\/\/henn-nickel-marker.de\/wp-content\/uploads\/2023\/08\/kika-now-300x200.jpg 300w, https:\/\/henn-nickel-marker.de\/wp-content\/uploads\/2023\/08\/kika-now-768x512.jpg 768w\" sizes=\"(max-width: 800px) 100vw, 800px\" \/>\t\t\t\t\t\t\t\t<\/a>\n\t\t\t\t\t\t\t\t\t\t\t<figcaption class=\"widget-image-caption wp-caption-text\">Kinderwelt<\/figcaption>\n\t\t\t\t\t\t\t\t\t\t<\/figure>\n\t\t\t\t\t\t\t\t\t<\/div>\n\t\t\t\t<\/div>\n\t\t\t\t\t<\/div>\n\t\t<\/div>\n\t\t\t\t\t<\/div>\n\t\t<\/section>\n\t\t\t\t<section class=\"elementor-section elementor-inner-section elementor-element elementor-element-f4b1215 elementor-section-full_width elementor-section-height-default elementor-section-height-default\" data-id=\"f4b1215\" data-element_type=\"section\" data-e-type=\"section\">\n\t\t\t\t\t\t<div class=\"elementor-container elementor-column-gap-default\">\n\t\t\t\t\t<div class=\"elementor-column elementor-col-25 elementor-inner-column elementor-element elementor-element-7e8390f\" data-id=\"7e8390f\" data-element_type=\"column\" data-e-type=\"column\">\n\t\t\t<div class=\"elementor-widget-wrap elementor-element-populated\">\n\t\t\t\t\t\t<div class=\"elementor-element elementor-element-52f802a elementor-widget elementor-widget-image\" data-id=\"52f802a\" data-element_type=\"widget\" data-e-type=\"widget\" data-widget_type=\"image.default\">\n\t\t\t\t<div class=\"elementor-widget-container\">\n\t\t\t\t\t\t\t\t\t\t\t\t<figure class=\"wp-caption\">\n\t\t\t\t\t\t\t\t\t\t\t<a href=\"https:\/\/henn-nickel-marker.de\/?page_id=48\">\n\t\t\t\t\t\t\t<img loading=\"lazy\" decoding=\"async\" width=\"800\" height=\"533\" src=\"https:\/\/henn-nickel-marker.de\/wp-content\/uploads\/2023\/08\/gr-maerchen-tag-low.jpg\" class=\"attachment-large size-large wp-image-325\" alt=\"\" srcset=\"https:\/\/henn-nickel-marker.de\/wp-content\/uploads\/2023\/08\/gr-maerchen-tag-low.jpg 900w, https:\/\/henn-nickel-marker.de\/wp-content\/uploads\/2023\/08\/gr-maerchen-tag-low-300x200.jpg 300w, https:\/\/henn-nickel-marker.de\/wp-content\/uploads\/2023\/08\/gr-maerchen-tag-low-768x512.jpg 768w\" sizes=\"(max-width: 800px) 100vw, 800px\" \/>\t\t\t\t\t\t\t\t<\/a>\n\t\t\t\t\t\t\t\t\t\t\t<figcaption class=\"widget-image-caption wp-caption-text\">Gro\u00dfes M\u00e4rchenkarussell<\/figcaption>\n\t\t\t\t\t\t\t\t\t\t<\/figure>\n\t\t\t\t\t\t\t\t\t<\/div>\n\t\t\t\t<\/div>\n\t\t\t\t\t<\/div>\n\t\t<\/div>\n\t\t\t\t<div class=\"elementor-column elementor-col-25 elementor-inner-column elementor-element elementor-element-8acacca\" data-id=\"8acacca\" data-element_type=\"column\" data-e-type=\"column\">\n\t\t\t<div class=\"elementor-widget-wrap elementor-element-populated\">\n\t\t\t\t\t\t<div class=\"elementor-element elementor-element-74c22dc elementor-widget elementor-widget-image\" data-id=\"74c22dc\" data-element_type=\"widget\" data-e-type=\"widget\" data-widget_type=\"image.default\">\n\t\t\t\t<div class=\"elementor-widget-container\">\n\t\t\t\t\t\t\t\t\t\t\t\t<figure class=\"wp-caption\">\n\t\t\t\t\t\t\t\t\t\t\t<a href=\"https:\/\/henn-nickel-marker.de\/?page_id=54\">\n\t\t\t\t\t\t\t<img loading=\"lazy\" decoding=\"async\" width=\"800\" height=\"533\" src=\"https:\/\/henn-nickel-marker.de\/wp-content\/uploads\/2023\/08\/kl.maerchen-tag-low.jpg\" class=\"attachment-large size-large wp-image-365\" alt=\"\" srcset=\"https:\/\/henn-nickel-marker.de\/wp-content\/uploads\/2023\/08\/kl.maerchen-tag-low.jpg 900w, https:\/\/henn-nickel-marker.de\/wp-content\/uploads\/2023\/08\/kl.maerchen-tag-low-300x200.jpg 300w, https:\/\/henn-nickel-marker.de\/wp-content\/uploads\/2023\/08\/kl.maerchen-tag-low-768x512.jpg 768w\" sizes=\"(max-width: 800px) 100vw, 800px\" \/>\t\t\t\t\t\t\t\t<\/a>\n\t\t\t\t\t\t\t\t\t\t\t<figcaption class=\"widget-image-caption wp-caption-text\">Kleines M\u00e4rchenkarussell<\/figcaption>\n\t\t\t\t\t\t\t\t\t\t<\/figure>\n\t\t\t\t\t\t\t\t\t<\/div>\n\t\t\t\t<\/div>\n\t\t\t\t\t<\/div>\n\t\t<\/div>\n\t\t\t\t<div class=\"elementor-column elementor-col-25 elementor-inner-column elementor-element elementor-element-322b02f\" data-id=\"322b02f\" data-element_type=\"column\" data-e-type=\"column\">\n\t\t\t<div class=\"elementor-widget-wrap elementor-element-populated\">\n\t\t\t\t\t\t<div class=\"elementor-element elementor-element-9a10579 elementor-widget elementor-widget-image\" data-id=\"9a10579\" data-element_type=\"widget\" data-e-type=\"widget\" data-widget_type=\"image.default\">\n\t\t\t\t<div class=\"elementor-widget-container\">\n\t\t\t\t\t\t\t\t\t\t\t\t<figure class=\"wp-caption\">\n\t\t\t\t\t\t\t\t\t\t\t<a href=\"https:\/\/henn-nickel-marker.de\/?page_id=56(\u00f6ffnet%20in%20neuem%20Tab)\">\n\t\t\t\t\t\t\t<img loading=\"lazy\" decoding=\"async\" width=\"800\" height=\"600\" src=\"https:\/\/henn-nickel-marker.de\/wp-content\/uploads\/2023\/08\/IMG_2448-1.jpg\" class=\"attachment-large size-large wp-image-367\" alt=\"\" srcset=\"https:\/\/henn-nickel-marker.de\/wp-content\/uploads\/2023\/08\/IMG_2448-1.jpg 960w, https:\/\/henn-nickel-marker.de\/wp-content\/uploads\/2023\/08\/IMG_2448-1-300x225.jpg 300w, https:\/\/henn-nickel-marker.de\/wp-content\/uploads\/2023\/08\/IMG_2448-1-768x576.jpg 768w\" sizes=\"(max-width: 800px) 100vw, 800px\" \/>\t\t\t\t\t\t\t\t<\/a>\n\t\t\t\t\t\t\t\t\t\t\t<figcaption class=\"widget-image-caption wp-caption-text\">Die lustige Seewelt<\/figcaption>\n\t\t\t\t\t\t\t\t\t\t<\/figure>\n\t\t\t\t\t\t\t\t\t<\/div>\n\t\t\t\t<\/div>\n\t\t\t\t\t<\/div>\n\t\t<\/div>\n\t\t\t\t<div class=\"elementor-column elementor-col-25 elementor-inner-column elementor-element elementor-element-8688493\" data-id=\"8688493\" data-element_type=\"column\" data-e-type=\"column\">\n\t\t\t<div class=\"elementor-widget-wrap elementor-element-populated\">\n\t\t\t\t\t\t<div class=\"elementor-element elementor-element-8199f57 elementor-widget elementor-widget-image\" data-id=\"8199f57\" data-element_type=\"widget\" data-e-type=\"widget\" data-widget_type=\"image.default\">\n\t\t\t\t<div class=\"elementor-widget-container\">\n\t\t\t\t\t\t\t\t\t\t\t\t<figure class=\"wp-caption\">\n\t\t\t\t\t\t\t\t\t\t\t<a href=\"https:\/\/henn-nickel-marker.de\/?page_id=60\">\n\t\t\t\t\t\t\t<img loading=\"lazy\" decoding=\"async\" width=\"800\" height=\"533\" src=\"https:\/\/henn-nickel-marker.de\/wp-content\/uploads\/2023\/08\/moglig003.jpg\" class=\"attachment-large size-large wp-image-366\" alt=\"\" srcset=\"https:\/\/henn-nickel-marker.de\/wp-content\/uploads\/2023\/08\/moglig003.jpg 800w, https:\/\/henn-nickel-marker.de\/wp-content\/uploads\/2023\/08\/moglig003-300x200.jpg 300w, https:\/\/henn-nickel-marker.de\/wp-content\/uploads\/2023\/08\/moglig003-768x512.jpg 768w\" sizes=\"(max-width: 800px) 100vw, 800px\" \/>\t\t\t\t\t\t\t\t<\/a>\n\t\t\t\t\t\t\t\t\t\t\t<figcaption class=\"widget-image-caption wp-caption-text\">Mogli\u00b4s Traumfahrt<\/figcaption>\n\t\t\t\t\t\t\t\t\t\t<\/figure>\n\t\t\t\t\t\t\t\t\t<\/div>\n\t\t\t\t<\/div>\n\t\t\t\t\t<\/div>\n\t\t<\/div>\n\t\t\t\t\t<\/div>\n\t\t<\/section>\n\t\t\t\t\t<\/div>\n\t\t<\/div>\n\t\t\t\t\t<\/div>\n\t\t<\/section>\n\t\t\t\t<\/div>\n\t\t","protected":false},"excerpt":{"rendered":"<p>Kinderfahrgesch\u00e4fte Traumstra\u00dfe A1 In 80 Tagen um die Welt Mini-Jet Kinderwelt Gro\u00dfes M\u00e4rchenkarussell Kleines M\u00e4rchenkarussell Die lustige Seewelt Mogli\u00b4s Traumfahrt<\/p>\n","protected":false},"author":2,"featured_media":0,"parent":0,"menu_order":0,"comment_status":"closed","ping_status":"closed","template":"","meta":{"footnotes":""},"class_list":["post-38","page","type-page","status-publish","hentry"],"yoast_head":"<!-- This site is optimized with the Yoast SEO plugin v27.5 - https:\/\/yoast.com\/product\/yoast-seo-wordpress\/ -->\n<title>Kinderfahrgesch\u00e4fte - Schaustellerbetriebe Henn Nickel Marker<\/title>\n<meta name=\"robots\" content=\"index, follow, max-snippet:-1, max-image-preview:large, max-video-preview:-1\" \/>\n<link rel=\"canonical\" href=\"https:\/\/henn-nickel-marker.de\/?page_id=38\" \/>\n<meta property=\"og:locale\" content=\"de_DE\" \/>\n<meta property=\"og:type\" content=\"article\" \/>\n<meta property=\"og:title\" content=\"Kinderfahrgesch\u00e4fte - Schaustellerbetriebe Henn Nickel Marker\" \/>\n<meta property=\"og:description\" content=\"Kinderfahrgesch\u00e4fte Traumstra\u00dfe A1 In 80 Tagen um die Welt Mini-Jet Kinderwelt Gro\u00dfes M\u00e4rchenkarussell Kleines M\u00e4rchenkarussell Die lustige Seewelt Mogli\u00b4s Traumfahrt\" \/>\n<meta property=\"og:url\" content=\"https:\/\/henn-nickel-marker.de\/?page_id=38\" \/>\n<meta property=\"og:site_name\" content=\"Schaustellerbetriebe Henn Nickel Marker\" \/>\n<meta property=\"article:modified_time\" content=\"2023-08-21T13:45:43+00:00\" \/>\n<meta property=\"og:image\" content=\"https:\/\/henn-nickel-marker.de\/wp-content\/uploads\/2023\/08\/a1-in-1.jpg\" \/>\n<meta name=\"twitter:card\" content=\"summary_large_image\" \/>\n<meta name=\"twitter:label1\" content=\"Gesch\u00e4tzte Lesezeit\" \/>\n\t<meta name=\"twitter:data1\" content=\"2\u00a0Minuten\" \/>\n<script type=\"application\/ld+json\" class=\"yoast-schema-graph\">{\"@context\":\"https:\\\/\\\/schema.org\",\"@graph\":[{\"@type\":\"WebPage\",\"@id\":\"https:\\\/\\\/henn-nickel-marker.de\\\/?page_id=38\",\"url\":\"https:\\\/\\\/henn-nickel-marker.de\\\/?page_id=38\",\"name\":\"Kinderfahrgesch\u00e4fte - Schaustellerbetriebe Henn Nickel Marker\",\"isPartOf\":{\"@id\":\"https:\\\/\\\/henn-nickel-marker.de\\\/#website\"},\"primaryImageOfPage\":{\"@id\":\"https:\\\/\\\/henn-nickel-marker.de\\\/?page_id=38#primaryimage\"},\"image\":{\"@id\":\"https:\\\/\\\/henn-nickel-marker.de\\\/?page_id=38#primaryimage\"},\"thumbnailUrl\":\"https:\\\/\\\/henn-nickel-marker.de\\\/wp-content\\\/uploads\\\/2023\\\/08\\\/a1-in-1.jpg\",\"datePublished\":\"2023-08-14T11:57:25+00:00\",\"dateModified\":\"2023-08-21T13:45:43+00:00\",\"breadcrumb\":{\"@id\":\"https:\\\/\\\/henn-nickel-marker.de\\\/?page_id=38#breadcrumb\"},\"inLanguage\":\"de\",\"potentialAction\":[{\"@type\":\"ReadAction\",\"target\":[\"https:\\\/\\\/henn-nickel-marker.de\\\/?page_id=38\"]}]},{\"@type\":\"ImageObject\",\"inLanguage\":\"de\",\"@id\":\"https:\\\/\\\/henn-nickel-marker.de\\\/?page_id=38#primaryimage\",\"url\":\"https:\\\/\\\/henn-nickel-marker.de\\\/wp-content\\\/uploads\\\/2023\\\/08\\\/a1-in-1.jpg\",\"contentUrl\":\"https:\\\/\\\/henn-nickel-marker.de\\\/wp-content\\\/uploads\\\/2023\\\/08\\\/a1-in-1.jpg\",\"width\":900,\"height\":398,\"caption\":\"Traumstra\u00dfe A1\"},{\"@type\":\"BreadcrumbList\",\"@id\":\"https:\\\/\\\/henn-nickel-marker.de\\\/?page_id=38#breadcrumb\",\"itemListElement\":[{\"@type\":\"ListItem\",\"position\":1,\"name\":\"Startseite\",\"item\":\"https:\\\/\\\/henn-nickel-marker.de\\\/\"},{\"@type\":\"ListItem\",\"position\":2,\"name\":\"Kinderfahrgesch\u00e4fte\"}]},{\"@type\":\"WebSite\",\"@id\":\"https:\\\/\\\/henn-nickel-marker.de\\\/#website\",\"url\":\"https:\\\/\\\/henn-nickel-marker.de\\\/\",\"name\":\"Henn-Nickel-Marker Schaustellerbetriebe\",\"description\":\"Herzlich willkommen\",\"publisher\":{\"@id\":\"https:\\\/\\\/henn-nickel-marker.de\\\/#organization\"},\"potentialAction\":[{\"@type\":\"SearchAction\",\"target\":{\"@type\":\"EntryPoint\",\"urlTemplate\":\"https:\\\/\\\/henn-nickel-marker.de\\\/?s={search_term_string}\"},\"query-input\":{\"@type\":\"PropertyValueSpecification\",\"valueRequired\":true,\"valueName\":\"search_term_string\"}}],\"inLanguage\":\"de\"},{\"@type\":\"Organization\",\"@id\":\"https:\\\/\\\/henn-nickel-marker.de\\\/#organization\",\"name\":\"Henn-Nickel-Marker Schaustellerbetriebe\",\"url\":\"https:\\\/\\\/henn-nickel-marker.de\\\/\",\"logo\":{\"@type\":\"ImageObject\",\"inLanguage\":\"de\",\"@id\":\"https:\\\/\\\/henn-nickel-marker.de\\\/#\\\/schema\\\/logo\\\/image\\\/\",\"url\":\"https:\\\/\\\/henn-nickel-marker.de\\\/wp-content\\\/uploads\\\/2023\\\/08\\\/Logo.png\",\"contentUrl\":\"https:\\\/\\\/henn-nickel-marker.de\\\/wp-content\\\/uploads\\\/2023\\\/08\\\/Logo.png\",\"width\":240,\"height\":239,\"caption\":\"Henn-Nickel-Marker Schaustellerbetriebe\"},\"image\":{\"@id\":\"https:\\\/\\\/henn-nickel-marker.de\\\/#\\\/schema\\\/logo\\\/image\\\/\"}}]}<\/script>\n<!-- \/ Yoast SEO plugin. -->","yoast_head_json":{"title":"Kinderfahrgesch\u00e4fte - Schaustellerbetriebe Henn Nickel Marker","robots":{"index":"index","follow":"follow","max-snippet":"max-snippet:-1","max-image-preview":"max-image-preview:large","max-video-preview":"max-video-preview:-1"},"canonical":"https:\/\/henn-nickel-marker.de\/?page_id=38","og_locale":"de_DE","og_type":"article","og_title":"Kinderfahrgesch\u00e4fte - Schaustellerbetriebe Henn Nickel Marker","og_description":"Kinderfahrgesch\u00e4fte Traumstra\u00dfe A1 In 80 Tagen um die Welt Mini-Jet Kinderwelt Gro\u00dfes M\u00e4rchenkarussell Kleines M\u00e4rchenkarussell Die lustige Seewelt Mogli\u00b4s Traumfahrt","og_url":"https:\/\/henn-nickel-marker.de\/?page_id=38","og_site_name":"Schaustellerbetriebe Henn Nickel Marker","article_modified_time":"2023-08-21T13:45:43+00:00","og_image":[{"url":"https:\/\/henn-nickel-marker.de\/wp-content\/uploads\/2023\/08\/a1-in-1.jpg","type":"","width":"","height":""}],"twitter_card":"summary_large_image","twitter_misc":{"Gesch\u00e4tzte Lesezeit":"2\u00a0Minuten"},"schema":{"@context":"https:\/\/schema.org","@graph":[{"@type":"WebPage","@id":"https:\/\/henn-nickel-marker.de\/?page_id=38","url":"https:\/\/henn-nickel-marker.de\/?page_id=38","name":"Kinderfahrgesch\u00e4fte - Schaustellerbetriebe Henn Nickel Marker","isPartOf":{"@id":"https:\/\/henn-nickel-marker.de\/#website"},"primaryImageOfPage":{"@id":"https:\/\/henn-nickel-marker.de\/?page_id=38#primaryimage"},"image":{"@id":"https:\/\/henn-nickel-marker.de\/?page_id=38#primaryimage"},"thumbnailUrl":"https:\/\/henn-nickel-marker.de\/wp-content\/uploads\/2023\/08\/a1-in-1.jpg","datePublished":"2023-08-14T11:57:25+00:00","dateModified":"2023-08-21T13:45:43+00:00","breadcrumb":{"@id":"https:\/\/henn-nickel-marker.de\/?page_id=38#breadcrumb"},"inLanguage":"de","potentialAction":[{"@type":"ReadAction","target":["https:\/\/henn-nickel-marker.de\/?page_id=38"]}]},{"@type":"ImageObject","inLanguage":"de","@id":"https:\/\/henn-nickel-marker.de\/?page_id=38#primaryimage","url":"https:\/\/henn-nickel-marker.de\/wp-content\/uploads\/2023\/08\/a1-in-1.jpg","contentUrl":"https:\/\/henn-nickel-marker.de\/wp-content\/uploads\/2023\/08\/a1-in-1.jpg","width":900,"height":398,"caption":"Traumstra\u00dfe A1"},{"@type":"BreadcrumbList","@id":"https:\/\/henn-nickel-marker.de\/?page_id=38#breadcrumb","itemListElement":[{"@type":"ListItem","position":1,"name":"Startseite","item":"https:\/\/henn-nickel-marker.de\/"},{"@type":"ListItem","position":2,"name":"Kinderfahrgesch\u00e4fte"}]},{"@type":"WebSite","@id":"https:\/\/henn-nickel-marker.de\/#website","url":"https:\/\/henn-nickel-marker.de\/","name":"Henn-Nickel-Marker Schaustellerbetriebe","description":"Herzlich willkommen","publisher":{"@id":"https:\/\/henn-nickel-marker.de\/#organization"},"potentialAction":[{"@type":"SearchAction","target":{"@type":"EntryPoint","urlTemplate":"https:\/\/henn-nickel-marker.de\/?s={search_term_string}"},"query-input":{"@type":"PropertyValueSpecification","valueRequired":true,"valueName":"search_term_string"}}],"inLanguage":"de"},{"@type":"Organization","@id":"https:\/\/henn-nickel-marker.de\/#organization","name":"Henn-Nickel-Marker Schaustellerbetriebe","url":"https:\/\/henn-nickel-marker.de\/","logo":{"@type":"ImageObject","inLanguage":"de","@id":"https:\/\/henn-nickel-marker.de\/#\/schema\/logo\/image\/","url":"https:\/\/henn-nickel-marker.de\/wp-content\/uploads\/2023\/08\/Logo.png","contentUrl":"https:\/\/henn-nickel-marker.de\/wp-content\/uploads\/2023\/08\/Logo.png","width":240,"height":239,"caption":"Henn-Nickel-Marker Schaustellerbetriebe"},"image":{"@id":"https:\/\/henn-nickel-marker.de\/#\/schema\/logo\/image\/"}}]}},"_links":{"self":[{"href":"https:\/\/henn-nickel-marker.de\/index.php?rest_route=\/wp\/v2\/pages\/38","targetHints":{"allow":["GET"]}}],"collection":[{"href":"https:\/\/henn-nickel-marker.de\/index.php?rest_route=\/wp\/v2\/pages"}],"about":[{"href":"https:\/\/henn-nickel-marker.de\/index.php?rest_route=\/wp\/v2\/types\/page"}],"author":[{"embeddable":true,"href":"https:\/\/henn-nickel-marker.de\/index.php?rest_route=\/wp\/v2\/users\/2"}],"replies":[{"embeddable":true,"href":"https:\/\/henn-nickel-marker.de\/index.php?rest_route=%2Fwp%2Fv2%2Fcomments&post=38"}],"version-history":[{"count":70,"href":"https:\/\/henn-nickel-marker.de\/index.php?rest_route=\/wp\/v2\/pages\/38\/revisions"}],"predecessor-version":[{"id":1167,"href":"https:\/\/henn-nickel-marker.de\/index.php?rest_route=\/wp\/v2\/pages\/38\/revisions\/1167"}],"wp:attachment":[{"href":"https:\/\/henn-nickel-marker.de\/index.php?rest_route=%2Fwp%2Fv2%2Fmedia&parent=38"}],"curies":[{"name":"wp","href":"https:\/\/api.w.org\/{rel}","templated":true}]}}