{"id":42,"date":"2023-08-14T11:58:14","date_gmt":"2023-08-14T11:58:14","guid":{"rendered":"https:\/\/henn-nickel-marker.de\/?page_id=42"},"modified":"2023-08-21T13:45:23","modified_gmt":"2023-08-21T13:45:23","slug":"weihnachtsmarkt","status":"publish","type":"page","link":"https:\/\/henn-nickel-marker.de\/?page_id=42","title":{"rendered":"Weihnachtsmarkt"},"content":{"rendered":"\t\t<div data-elementor-type=\"wp-page\" data-elementor-id=\"42\" class=\"elementor elementor-42\">\n\t\t\t\t\t\t<section class=\"elementor-section elementor-top-section elementor-element elementor-element-6b60871f elementor-section-full_width elementor-section-height-default elementor-section-height-default\" data-id=\"6b60871f\" data-element_type=\"section\" data-e-type=\"section\" data-settings=\"{&quot;background_background&quot;:&quot;classic&quot;}\">\n\t\t\t\t\t\t<div class=\"elementor-container elementor-column-gap-default\">\n\t\t\t\t\t<div class=\"elementor-column elementor-col-100 elementor-top-column elementor-element elementor-element-72943bdd\" data-id=\"72943bdd\" data-element_type=\"column\" data-e-type=\"column\">\n\t\t\t<div class=\"elementor-widget-wrap elementor-element-populated\">\n\t\t\t\t\t\t<div class=\"elementor-element elementor-element-47981c elementor-widget-mobile__width-initial elementor-widget elementor-widget-heading\" data-id=\"47981c\" data-element_type=\"widget\" data-e-type=\"widget\" data-widget_type=\"heading.default\">\n\t\t\t\t<div class=\"elementor-widget-container\">\n\t\t\t\t\t<h2 class=\"elementor-heading-title elementor-size-default\">Weihnachts-Markt<\/h2>\t\t\t\t<\/div>\n\t\t\t\t<\/div>\n\t\t\t\t<div class=\"elementor-element elementor-element-6b13f91c elementor-widget-divider--view-line_icon elementor-view-default elementor-widget-divider--element-align-center elementor-invisible elementor-widget elementor-widget-divider\" data-id=\"6b13f91c\" data-element_type=\"widget\" data-e-type=\"widget\" data-settings=\"{&quot;_animation&quot;:&quot;fadeInLeft&quot;}\" data-widget_type=\"divider.default\">\n\t\t\t\t<div class=\"elementor-widget-container\">\n\t\t\t\t\t\t\t<div class=\"elementor-divider\">\n\t\t\t<span class=\"elementor-divider-separator\">\n\t\t\t\t\t\t\t<div class=\"elementor-icon elementor-divider__element\">\n\t\t\t\t\t<i aria-hidden=\"true\" class=\"fas fa-candy-cane\"><\/i><\/div>\n\t\t\t\t\t\t<\/span>\n\t\t<\/div>\n\t\t\t\t\t\t<\/div>\n\t\t\t\t<\/div>\n\t\t\t\t<section class=\"elementor-section elementor-inner-section elementor-element elementor-element-36d64b5 elementor-section-boxed elementor-section-height-default elementor-section-height-default\" data-id=\"36d64b5\" data-element_type=\"section\" data-e-type=\"section\">\n\t\t\t\t\t\t<div class=\"elementor-container elementor-column-gap-default\">\n\t\t\t\t\t<div class=\"elementor-column elementor-col-33 elementor-inner-column elementor-element elementor-element-b0d50da\" data-id=\"b0d50da\" data-element_type=\"column\" data-e-type=\"column\">\n\t\t\t<div class=\"elementor-widget-wrap elementor-element-populated\">\n\t\t\t\t\t\t<div class=\"elementor-element elementor-element-37de879 elementor-widget elementor-widget-image\" data-id=\"37de879\" data-element_type=\"widget\" data-e-type=\"widget\" data-widget_type=\"image.default\">\n\t\t\t\t<div class=\"elementor-widget-container\">\n\t\t\t\t\t\t\t\t\t\t\t\t<figure class=\"wp-caption\">\n\t\t\t\t\t\t\t\t\t\t\t<a href=\"https:\/\/henn-nickel-marker.de\/?page_id=78\">\n\t\t\t\t\t\t\t<img fetchpriority=\"high\" decoding=\"async\" width=\"800\" height=\"767\" src=\"https:\/\/henn-nickel-marker.de\/wp-content\/uploads\/2023\/08\/A2FE0278-E63F-4153-9A6E-F7EC68C7645C.jpeg\" class=\"attachment-large size-large wp-image-500\" alt=\"\" srcset=\"https:\/\/henn-nickel-marker.de\/wp-content\/uploads\/2023\/08\/A2FE0278-E63F-4153-9A6E-F7EC68C7645C.jpeg 900w, https:\/\/henn-nickel-marker.de\/wp-content\/uploads\/2023\/08\/A2FE0278-E63F-4153-9A6E-F7EC68C7645C-300x288.jpeg 300w, https:\/\/henn-nickel-marker.de\/wp-content\/uploads\/2023\/08\/A2FE0278-E63F-4153-9A6E-F7EC68C7645C-768x736.jpeg 768w\" sizes=\"(max-width: 800px) 100vw, 800px\" \/>\t\t\t\t\t\t\t\t<\/a>\n\t\t\t\t\t\t\t\t\t\t\t<figcaption class=\"widget-image-caption wp-caption-text\">Schneeballtr\u00e4ume<\/figcaption>\n\t\t\t\t\t\t\t\t\t\t<\/figure>\n\t\t\t\t\t\t\t\t\t<\/div>\n\t\t\t\t<\/div>\n\t\t\t\t\t<\/div>\n\t\t<\/div>\n\t\t\t\t<div class=\"elementor-column elementor-col-33 elementor-inner-column elementor-element elementor-element-3a378dd\" data-id=\"3a378dd\" data-element_type=\"column\" data-e-type=\"column\">\n\t\t\t<div class=\"elementor-widget-wrap elementor-element-populated\">\n\t\t\t\t\t\t<div class=\"elementor-element elementor-element-04927e0 elementor-widget__width-initial elementor-widget elementor-widget-image\" data-id=\"04927e0\" data-element_type=\"widget\" data-e-type=\"widget\" data-widget_type=\"image.default\">\n\t\t\t\t<div class=\"elementor-widget-container\">\n\t\t\t\t\t\t\t\t\t\t\t\t<figure class=\"wp-caption\">\n\t\t\t\t\t\t\t\t\t\t\t<a href=\"https:\/\/henn-nickel-marker.de\/?page_id=80\">\n\t\t\t\t\t\t\t<img decoding=\"async\" width=\"800\" height=\"533\" src=\"https:\/\/henn-nickel-marker.de\/wp-content\/uploads\/2023\/08\/IMG_2984.jpg\" class=\"attachment-large size-large wp-image-533\" alt=\"\" srcset=\"https:\/\/henn-nickel-marker.de\/wp-content\/uploads\/2023\/08\/IMG_2984.jpg 900w, https:\/\/henn-nickel-marker.de\/wp-content\/uploads\/2023\/08\/IMG_2984-300x200.jpg 300w, https:\/\/henn-nickel-marker.de\/wp-content\/uploads\/2023\/08\/IMG_2984-768x512.jpg 768w\" sizes=\"(max-width: 800px) 100vw, 800px\" \/>\t\t\t\t\t\t\t\t<\/a>\n\t\t\t\t\t\t\t\t\t\t\t<figcaption class=\"widget-image-caption wp-caption-text\">Weihnachtsb\u00e4ckerei<\/figcaption>\n\t\t\t\t\t\t\t\t\t\t<\/figure>\n\t\t\t\t\t\t\t\t\t<\/div>\n\t\t\t\t<\/div>\n\t\t\t\t\t<\/div>\n\t\t<\/div>\n\t\t\t\t<div class=\"elementor-column elementor-col-33 elementor-inner-column elementor-element elementor-element-826df11\" data-id=\"826df11\" data-element_type=\"column\" data-e-type=\"column\">\n\t\t\t<div class=\"elementor-widget-wrap elementor-element-populated\">\n\t\t\t\t\t\t<div class=\"elementor-element elementor-element-7fba33b elementor-widget elementor-widget-image\" data-id=\"7fba33b\" data-element_type=\"widget\" data-e-type=\"widget\" data-widget_type=\"image.default\">\n\t\t\t\t<div class=\"elementor-widget-container\">\n\t\t\t\t\t\t\t\t\t\t\t\t<figure class=\"wp-caption\">\n\t\t\t\t\t\t\t\t\t\t\t<a href=\"https:\/\/henn-nickel-marker.de\/?page_id=74\">\n\t\t\t\t\t\t\t<img decoding=\"async\" width=\"800\" height=\"503\" src=\"https:\/\/henn-nickel-marker.de\/wp-content\/uploads\/2023\/08\/IMG_3448.jpg\" class=\"attachment-large size-large wp-image-356\" alt=\"\" srcset=\"https:\/\/henn-nickel-marker.de\/wp-content\/uploads\/2023\/08\/IMG_3448.jpg 900w, https:\/\/henn-nickel-marker.de\/wp-content\/uploads\/2023\/08\/IMG_3448-300x189.jpg 300w, https:\/\/henn-nickel-marker.de\/wp-content\/uploads\/2023\/08\/IMG_3448-768x483.jpg 768w\" sizes=\"(max-width: 800px) 100vw, 800px\" \/>\t\t\t\t\t\t\t\t<\/a>\n\t\t\t\t\t\t\t\t\t\t\t<figcaption class=\"widget-image-caption wp-caption-text\">Kaminstube<\/figcaption>\n\t\t\t\t\t\t\t\t\t\t<\/figure>\n\t\t\t\t\t\t\t\t\t<\/div>\n\t\t\t\t<\/div>\n\t\t\t\t\t<\/div>\n\t\t<\/div>\n\t\t\t\t\t<\/div>\n\t\t<\/section>\n\t\t\t\t<section class=\"elementor-section elementor-inner-section elementor-element elementor-element-5b560bf elementor-section-boxed elementor-section-height-default elementor-section-height-default\" data-id=\"5b560bf\" data-element_type=\"section\" data-e-type=\"section\">\n\t\t\t\t\t\t<div class=\"elementor-container elementor-column-gap-default\">\n\t\t\t\t\t<div class=\"elementor-column elementor-col-33 elementor-inner-column elementor-element elementor-element-787d76f\" data-id=\"787d76f\" data-element_type=\"column\" data-e-type=\"column\">\n\t\t\t<div class=\"elementor-widget-wrap elementor-element-populated\">\n\t\t\t\t\t\t<div class=\"elementor-element elementor-element-798cc38 elementor-widget elementor-widget-image\" data-id=\"798cc38\" data-element_type=\"widget\" data-e-type=\"widget\" data-widget_type=\"image.default\">\n\t\t\t\t<div class=\"elementor-widget-container\">\n\t\t\t\t\t\t\t\t\t\t\t\t<figure class=\"wp-caption\">\n\t\t\t\t\t\t\t\t\t\t\t<a href=\"https:\/\/henn-nickel-marker.de\/?page_id=72\">\n\t\t\t\t\t\t\t<img loading=\"lazy\" decoding=\"async\" width=\"747\" height=\"900\" src=\"https:\/\/henn-nickel-marker.de\/wp-content\/uploads\/2023\/08\/0d7bf332-a885-4352-9bab-6629f8d477e7.jpg\" class=\"attachment-large size-large wp-image-320\" alt=\"\" srcset=\"https:\/\/henn-nickel-marker.de\/wp-content\/uploads\/2023\/08\/0d7bf332-a885-4352-9bab-6629f8d477e7.jpg 747w, https:\/\/henn-nickel-marker.de\/wp-content\/uploads\/2023\/08\/0d7bf332-a885-4352-9bab-6629f8d477e7-249x300.jpg 249w\" sizes=\"(max-width: 747px) 100vw, 747px\" \/>\t\t\t\t\t\t\t\t<\/a>\n\t\t\t\t\t\t\t\t\t\t\t<figcaption class=\"widget-image-caption wp-caption-text\">Gl\u00fchweinpyramide<\/figcaption>\n\t\t\t\t\t\t\t\t\t\t<\/figure>\n\t\t\t\t\t\t\t\t\t<\/div>\n\t\t\t\t<\/div>\n\t\t\t\t\t<\/div>\n\t\t<\/div>\n\t\t\t\t<div class=\"elementor-column elementor-col-33 elementor-inner-column elementor-element elementor-element-54625f8\" data-id=\"54625f8\" data-element_type=\"column\" data-e-type=\"column\">\n\t\t\t<div class=\"elementor-widget-wrap elementor-element-populated\">\n\t\t\t\t\t\t<div class=\"elementor-element elementor-element-c627e5f elementor-widget elementor-widget-image\" data-id=\"c627e5f\" data-element_type=\"widget\" data-e-type=\"widget\" data-widget_type=\"image.default\">\n\t\t\t\t<div class=\"elementor-widget-container\">\n\t\t\t\t\t\t\t\t\t\t\t\t<figure class=\"wp-caption\">\n\t\t\t\t\t\t\t\t\t\t\t<a href=\"https:\/\/henn-nickel-marker.de\/?page_id=76\">\n\t\t\t\t\t\t\t<img loading=\"lazy\" decoding=\"async\" width=\"800\" height=\"600\" src=\"https:\/\/henn-nickel-marker.de\/wp-content\/uploads\/2023\/08\/8ecff67b-3fde-401f-975a-22f9a570bc04.jpg\" class=\"attachment-large size-large wp-image-594\" alt=\"\" srcset=\"https:\/\/henn-nickel-marker.de\/wp-content\/uploads\/2023\/08\/8ecff67b-3fde-401f-975a-22f9a570bc04.jpg 900w, https:\/\/henn-nickel-marker.de\/wp-content\/uploads\/2023\/08\/8ecff67b-3fde-401f-975a-22f9a570bc04-300x225.jpg 300w, https:\/\/henn-nickel-marker.de\/wp-content\/uploads\/2023\/08\/8ecff67b-3fde-401f-975a-22f9a570bc04-768x576.jpg 768w\" sizes=\"(max-width: 800px) 100vw, 800px\" \/>\t\t\t\t\t\t\t\t<\/a>\n\t\t\t\t\t\t\t\t\t\t\t<figcaption class=\"widget-image-caption wp-caption-text\">Eisenbahn<\/figcaption>\n\t\t\t\t\t\t\t\t\t\t<\/figure>\n\t\t\t\t\t\t\t\t\t<\/div>\n\t\t\t\t<\/div>\n\t\t\t\t\t<\/div>\n\t\t<\/div>\n\t\t\t\t<div class=\"elementor-column elementor-col-33 elementor-inner-column elementor-element elementor-element-6ae712e\" data-id=\"6ae712e\" data-element_type=\"column\" data-e-type=\"column\">\n\t\t\t<div class=\"elementor-widget-wrap elementor-element-populated\">\n\t\t\t\t\t\t<div class=\"elementor-element elementor-element-2074e90 elementor-widget elementor-widget-image\" data-id=\"2074e90\" data-element_type=\"widget\" data-e-type=\"widget\" data-widget_type=\"image.default\">\n\t\t\t\t<div class=\"elementor-widget-container\">\n\t\t\t\t\t\t\t\t\t\t\t\t<figure class=\"wp-caption\">\n\t\t\t\t\t\t\t\t\t\t\t<a href=\"https:\/\/henn-nickel-marker.de\/?page_id=82\">\n\t\t\t\t\t\t\t<img loading=\"lazy\" decoding=\"async\" width=\"800\" height=\"401\" src=\"https:\/\/henn-nickel-marker.de\/wp-content\/uploads\/2023\/08\/IMG_4016.jpg\" class=\"attachment-large size-large wp-image-545\" alt=\"\" srcset=\"https:\/\/henn-nickel-marker.de\/wp-content\/uploads\/2023\/08\/IMG_4016.jpg 900w, https:\/\/henn-nickel-marker.de\/wp-content\/uploads\/2023\/08\/IMG_4016-300x150.jpg 300w, https:\/\/henn-nickel-marker.de\/wp-content\/uploads\/2023\/08\/IMG_4016-768x385.jpg 768w\" sizes=\"(max-width: 800px) 100vw, 800px\" \/>\t\t\t\t\t\t\t\t<\/a>\n\t\t\t\t\t\t\t\t\t\t\t<figcaption class=\"widget-image-caption wp-caption-text\">Wintertraum<\/figcaption>\n\t\t\t\t\t\t\t\t\t\t<\/figure>\n\t\t\t\t\t\t\t\t\t<\/div>\n\t\t\t\t<\/div>\n\t\t\t\t\t<\/div>\n\t\t<\/div>\n\t\t\t\t\t<\/div>\n\t\t<\/section>\n\t\t\t\t\t<\/div>\n\t\t<\/div>\n\t\t\t\t\t<\/div>\n\t\t<\/section>\n\t\t\t\t<\/div>\n\t\t","protected":false},"excerpt":{"rendered":"<p>Weihnachts-Markt Schneeballtr\u00e4ume Weihnachtsb\u00e4ckerei Kaminstube Gl\u00fchweinpyramide Eisenbahn Wintertraum<\/p>\n","protected":false},"author":2,"featured_media":0,"parent":0,"menu_order":0,"comment_status":"closed","ping_status":"closed","template":"","meta":{"footnotes":""},"class_list":["post-42","page","type-page","status-publish","hentry"],"yoast_head":"<!-- This site is optimized with the Yoast SEO plugin v27.5 - https:\/\/yoast.com\/product\/yoast-seo-wordpress\/ -->\n<title>Weihnachtsmarkt - Schaustellerbetriebe Henn Nickel Marker<\/title>\n<meta name=\"robots\" content=\"index, follow, max-snippet:-1, max-image-preview:large, max-video-preview:-1\" \/>\n<link rel=\"canonical\" href=\"https:\/\/henn-nickel-marker.de\/?page_id=42\" \/>\n<meta property=\"og:locale\" content=\"de_DE\" \/>\n<meta property=\"og:type\" content=\"article\" \/>\n<meta property=\"og:title\" content=\"Weihnachtsmarkt - Schaustellerbetriebe Henn Nickel Marker\" \/>\n<meta property=\"og:description\" content=\"Weihnachts-Markt Schneeballtr\u00e4ume Weihnachtsb\u00e4ckerei Kaminstube Gl\u00fchweinpyramide Eisenbahn Wintertraum\" \/>\n<meta property=\"og:url\" content=\"https:\/\/henn-nickel-marker.de\/?page_id=42\" \/>\n<meta property=\"og:site_name\" content=\"Schaustellerbetriebe Henn Nickel Marker\" \/>\n<meta property=\"article:modified_time\" content=\"2023-08-21T13:45:23+00:00\" \/>\n<meta property=\"og:image\" content=\"https:\/\/henn-nickel-marker.de\/wp-content\/uploads\/2023\/08\/A2FE0278-E63F-4153-9A6E-F7EC68C7645C.jpeg\" \/>\n<meta name=\"twitter:card\" content=\"summary_large_image\" \/>\n<meta name=\"twitter:label1\" content=\"Gesch\u00e4tzte Lesezeit\" \/>\n\t<meta name=\"twitter:data1\" content=\"2\u00a0Minuten\" \/>\n<script type=\"application\/ld+json\" class=\"yoast-schema-graph\">{\"@context\":\"https:\\\/\\\/schema.org\",\"@graph\":[{\"@type\":\"WebPage\",\"@id\":\"https:\\\/\\\/henn-nickel-marker.de\\\/?page_id=42\",\"url\":\"https:\\\/\\\/henn-nickel-marker.de\\\/?page_id=42\",\"name\":\"Weihnachtsmarkt - Schaustellerbetriebe Henn Nickel Marker\",\"isPartOf\":{\"@id\":\"https:\\\/\\\/henn-nickel-marker.de\\\/#website\"},\"primaryImageOfPage\":{\"@id\":\"https:\\\/\\\/henn-nickel-marker.de\\\/?page_id=42#primaryimage\"},\"image\":{\"@id\":\"https:\\\/\\\/henn-nickel-marker.de\\\/?page_id=42#primaryimage\"},\"thumbnailUrl\":\"https:\\\/\\\/henn-nickel-marker.de\\\/wp-content\\\/uploads\\\/2023\\\/08\\\/A2FE0278-E63F-4153-9A6E-F7EC68C7645C.jpeg\",\"datePublished\":\"2023-08-14T11:58:14+00:00\",\"dateModified\":\"2023-08-21T13:45:23+00:00\",\"breadcrumb\":{\"@id\":\"https:\\\/\\\/henn-nickel-marker.de\\\/?page_id=42#breadcrumb\"},\"inLanguage\":\"de\",\"potentialAction\":[{\"@type\":\"ReadAction\",\"target\":[\"https:\\\/\\\/henn-nickel-marker.de\\\/?page_id=42\"]}]},{\"@type\":\"ImageObject\",\"inLanguage\":\"de\",\"@id\":\"https:\\\/\\\/henn-nickel-marker.de\\\/?page_id=42#primaryimage\",\"url\":\"https:\\\/\\\/henn-nickel-marker.de\\\/wp-content\\\/uploads\\\/2023\\\/08\\\/A2FE0278-E63F-4153-9A6E-F7EC68C7645C.jpeg\",\"contentUrl\":\"https:\\\/\\\/henn-nickel-marker.de\\\/wp-content\\\/uploads\\\/2023\\\/08\\\/A2FE0278-E63F-4153-9A6E-F7EC68C7645C.jpeg\",\"width\":900,\"height\":863,\"caption\":\"Schneeballtr\u00e4ume\"},{\"@type\":\"BreadcrumbList\",\"@id\":\"https:\\\/\\\/henn-nickel-marker.de\\\/?page_id=42#breadcrumb\",\"itemListElement\":[{\"@type\":\"ListItem\",\"position\":1,\"name\":\"Startseite\",\"item\":\"https:\\\/\\\/henn-nickel-marker.de\\\/\"},{\"@type\":\"ListItem\",\"position\":2,\"name\":\"Weihnachtsmarkt\"}]},{\"@type\":\"WebSite\",\"@id\":\"https:\\\/\\\/henn-nickel-marker.de\\\/#website\",\"url\":\"https:\\\/\\\/henn-nickel-marker.de\\\/\",\"name\":\"Henn-Nickel-Marker Schaustellerbetriebe\",\"description\":\"Herzlich willkommen\",\"publisher\":{\"@id\":\"https:\\\/\\\/henn-nickel-marker.de\\\/#organization\"},\"potentialAction\":[{\"@type\":\"SearchAction\",\"target\":{\"@type\":\"EntryPoint\",\"urlTemplate\":\"https:\\\/\\\/henn-nickel-marker.de\\\/?s={search_term_string}\"},\"query-input\":{\"@type\":\"PropertyValueSpecification\",\"valueRequired\":true,\"valueName\":\"search_term_string\"}}],\"inLanguage\":\"de\"},{\"@type\":\"Organization\",\"@id\":\"https:\\\/\\\/henn-nickel-marker.de\\\/#organization\",\"name\":\"Henn-Nickel-Marker Schaustellerbetriebe\",\"url\":\"https:\\\/\\\/henn-nickel-marker.de\\\/\",\"logo\":{\"@type\":\"ImageObject\",\"inLanguage\":\"de\",\"@id\":\"https:\\\/\\\/henn-nickel-marker.de\\\/#\\\/schema\\\/logo\\\/image\\\/\",\"url\":\"https:\\\/\\\/henn-nickel-marker.de\\\/wp-content\\\/uploads\\\/2023\\\/08\\\/Logo.png\",\"contentUrl\":\"https:\\\/\\\/henn-nickel-marker.de\\\/wp-content\\\/uploads\\\/2023\\\/08\\\/Logo.png\",\"width\":240,\"height\":239,\"caption\":\"Henn-Nickel-Marker Schaustellerbetriebe\"},\"image\":{\"@id\":\"https:\\\/\\\/henn-nickel-marker.de\\\/#\\\/schema\\\/logo\\\/image\\\/\"}}]}<\/script>\n<!-- \/ Yoast SEO plugin. -->","yoast_head_json":{"title":"Weihnachtsmarkt - Schaustellerbetriebe Henn Nickel Marker","robots":{"index":"index","follow":"follow","max-snippet":"max-snippet:-1","max-image-preview":"max-image-preview:large","max-video-preview":"max-video-preview:-1"},"canonical":"https:\/\/henn-nickel-marker.de\/?page_id=42","og_locale":"de_DE","og_type":"article","og_title":"Weihnachtsmarkt - Schaustellerbetriebe Henn Nickel Marker","og_description":"Weihnachts-Markt Schneeballtr\u00e4ume Weihnachtsb\u00e4ckerei Kaminstube Gl\u00fchweinpyramide Eisenbahn Wintertraum","og_url":"https:\/\/henn-nickel-marker.de\/?page_id=42","og_site_name":"Schaustellerbetriebe Henn Nickel Marker","article_modified_time":"2023-08-21T13:45:23+00:00","og_image":[{"url":"https:\/\/henn-nickel-marker.de\/wp-content\/uploads\/2023\/08\/A2FE0278-E63F-4153-9A6E-F7EC68C7645C.jpeg","type":"","width":"","height":""}],"twitter_card":"summary_large_image","twitter_misc":{"Gesch\u00e4tzte Lesezeit":"2\u00a0Minuten"},"schema":{"@context":"https:\/\/schema.org","@graph":[{"@type":"WebPage","@id":"https:\/\/henn-nickel-marker.de\/?page_id=42","url":"https:\/\/henn-nickel-marker.de\/?page_id=42","name":"Weihnachtsmarkt - Schaustellerbetriebe Henn Nickel Marker","isPartOf":{"@id":"https:\/\/henn-nickel-marker.de\/#website"},"primaryImageOfPage":{"@id":"https:\/\/henn-nickel-marker.de\/?page_id=42#primaryimage"},"image":{"@id":"https:\/\/henn-nickel-marker.de\/?page_id=42#primaryimage"},"thumbnailUrl":"https:\/\/henn-nickel-marker.de\/wp-content\/uploads\/2023\/08\/A2FE0278-E63F-4153-9A6E-F7EC68C7645C.jpeg","datePublished":"2023-08-14T11:58:14+00:00","dateModified":"2023-08-21T13:45:23+00:00","breadcrumb":{"@id":"https:\/\/henn-nickel-marker.de\/?page_id=42#breadcrumb"},"inLanguage":"de","potentialAction":[{"@type":"ReadAction","target":["https:\/\/henn-nickel-marker.de\/?page_id=42"]}]},{"@type":"ImageObject","inLanguage":"de","@id":"https:\/\/henn-nickel-marker.de\/?page_id=42#primaryimage","url":"https:\/\/henn-nickel-marker.de\/wp-content\/uploads\/2023\/08\/A2FE0278-E63F-4153-9A6E-F7EC68C7645C.jpeg","contentUrl":"https:\/\/henn-nickel-marker.de\/wp-content\/uploads\/2023\/08\/A2FE0278-E63F-4153-9A6E-F7EC68C7645C.jpeg","width":900,"height":863,"caption":"Schneeballtr\u00e4ume"},{"@type":"BreadcrumbList","@id":"https:\/\/henn-nickel-marker.de\/?page_id=42#breadcrumb","itemListElement":[{"@type":"ListItem","position":1,"name":"Startseite","item":"https:\/\/henn-nickel-marker.de\/"},{"@type":"ListItem","position":2,"name":"Weihnachtsmarkt"}]},{"@type":"WebSite","@id":"https:\/\/henn-nickel-marker.de\/#website","url":"https:\/\/henn-nickel-marker.de\/","name":"Henn-Nickel-Marker Schaustellerbetriebe","description":"Herzlich willkommen","publisher":{"@id":"https:\/\/henn-nickel-marker.de\/#organization"},"potentialAction":[{"@type":"SearchAction","target":{"@type":"EntryPoint","urlTemplate":"https:\/\/henn-nickel-marker.de\/?s={search_term_string}"},"query-input":{"@type":"PropertyValueSpecification","valueRequired":true,"valueName":"search_term_string"}}],"inLanguage":"de"},{"@type":"Organization","@id":"https:\/\/henn-nickel-marker.de\/#organization","name":"Henn-Nickel-Marker Schaustellerbetriebe","url":"https:\/\/henn-nickel-marker.de\/","logo":{"@type":"ImageObject","inLanguage":"de","@id":"https:\/\/henn-nickel-marker.de\/#\/schema\/logo\/image\/","url":"https:\/\/henn-nickel-marker.de\/wp-content\/uploads\/2023\/08\/Logo.png","contentUrl":"https:\/\/henn-nickel-marker.de\/wp-content\/uploads\/2023\/08\/Logo.png","width":240,"height":239,"caption":"Henn-Nickel-Marker Schaustellerbetriebe"},"image":{"@id":"https:\/\/henn-nickel-marker.de\/#\/schema\/logo\/image\/"}}]}},"_links":{"self":[{"href":"https:\/\/henn-nickel-marker.de\/index.php?rest_route=\/wp\/v2\/pages\/42","targetHints":{"allow":["GET"]}}],"collection":[{"href":"https:\/\/henn-nickel-marker.de\/index.php?rest_route=\/wp\/v2\/pages"}],"about":[{"href":"https:\/\/henn-nickel-marker.de\/index.php?rest_route=\/wp\/v2\/types\/page"}],"author":[{"embeddable":true,"href":"https:\/\/henn-nickel-marker.de\/index.php?rest_route=\/wp\/v2\/users\/2"}],"replies":[{"embeddable":true,"href":"https:\/\/henn-nickel-marker.de\/index.php?rest_route=%2Fwp%2Fv2%2Fcomments&post=42"}],"version-history":[{"count":64,"href":"https:\/\/henn-nickel-marker.de\/index.php?rest_route=\/wp\/v2\/pages\/42\/revisions"}],"predecessor-version":[{"id":1164,"href":"https:\/\/henn-nickel-marker.de\/index.php?rest_route=\/wp\/v2\/pages\/42\/revisions\/1164"}],"wp:attachment":[{"href":"https:\/\/henn-nickel-marker.de\/index.php?rest_route=%2Fwp%2Fv2%2Fmedia&parent=42"}],"curies":[{"name":"wp","href":"https:\/\/api.w.org\/{rel}","templated":true}]}}